
{"id":6486,"date":"2024-05-06T22:38:14","date_gmt":"2024-05-07T02:38:14","guid":{"rendered":"https:\/\/caneve.ca\/where-to-buy\/"},"modified":"2026-01-02T13:37:38","modified_gmt":"2026-01-02T18:37:38","slug":"where-to-buy","status":"publish","type":"page","link":"https:\/\/caneve.ca\/en\/where-to-buy\/","title":{"rendered":"Where to buy"},"content":{"rendered":"\t\t<div data-elementor-type=\"wp-page\" data-elementor-id=\"6486\" class=\"elementor elementor-6486 elementor-6438\" data-elementor-post-type=\"page\">\n\t\t\t\t<div class=\"elementor-element elementor-element-98e0ea8 e-flex e-con-boxed e-con e-parent\" data-id=\"98e0ea8\" data-element_type=\"container\" data-e-type=\"container\">\n\t\t\t\t\t<div class=\"e-con-inner\">\n\t\t<div class=\"elementor-element elementor-element-034cfdb e-con-full e-flex e-con e-child\" data-id=\"034cfdb\" data-element_type=\"container\" data-e-type=\"container\">\n\t\t\t\t<div class=\"elementor-element elementor-element-0399ad3 elementor-widget elementor-widget-shortcode\" data-id=\"0399ad3\" data-element_type=\"widget\" data-e-type=\"widget\" data-widget_type=\"shortcode.default\">\n\t\t\t\t<div class=\"elementor-widget-container\">\n\t\t\t\t\t\t\t<div class=\"elementor-shortcode\"><div class=\"gmw-shortcode-widget\"><div class=\"widget google-maps-widget\"><h2 class=\"widgettitle\">Chanvre du Nord<\/h2><p><a data-widget-id=\"googlemapswidget-2\" class=\"gmw-thumbnail-map gmw-lightbox-enabled\" href=\"#gmw-dialog-googlemapswidget-2\" title=\"Click to open a larger map\"><img fetchpriority=\"high\" decoding=\"async\" width=\"300\" height=\"300\" alt=\"Click to open a larger map\" title=\"Click to open a larger map\" src=\"\/\/maps.googleapis.com\/maps\/api\/staticmap?key=AIzaSyB7EALhP9oscDZgw8LHxafsE1efjlyr4C0&amp;scale=1&amp;format=png&amp;size=300x300&amp;maptype=roadmap&amp;markers=size%3Adefault%7Ccolor%3A0xff0000%7Clabel%3Ax%7C38+Rue+de+Martigny+East%2C+Saint-J%C3%A9r%C3%B4me%2C+QC+J7Z+1V4&amp;center=38+Rue+de+Martigny+East%2C+Saint-J%C3%A9r%C3%B4me%2C+QC+J7Z+1V4&amp;zoom=13&amp;visual_refresh=true\"><\/a><\/p><\/div><\/div><\/div>\n\t\t\t\t\t\t<\/div>\n\t\t\t\t<\/div>\n\t\t\t\t<\/div>\n\t\t<div class=\"elementor-element elementor-element-c998219 e-con-full e-flex e-con e-child\" data-id=\"c998219\" data-element_type=\"container\" data-e-type=\"container\">\n\t\t\t\t<div class=\"elementor-element elementor-element-419b0f1 elementor-widget elementor-widget-text-editor\" data-id=\"419b0f1\" data-element_type=\"widget\" data-e-type=\"widget\" data-widget_type=\"text-editor.default\">\n\t\t\t\t<div class=\"elementor-widget-container\">\n\t\t\t\t\t\t\t\t\t<h3>Chanvre du Nord<\/h3><p>36 Rue de Martigny Est<br>Saint-J\u00e9r\u00f4me (Qu\u00e9bec) J7Z 1V4<\/p><p>T\u00e9l. : <a href=\"tel:4505655305\" data-wplink-edit=\"true\">450 565-5305<\/a><\/p><p>Web : <a href=\"https:\/\/www.chanvredunord.com\/\">https:\/\/www.chanvredunord.com\/<\/a><\/p>\t\t\t\t\t\t\t\t<\/div>\n\t\t\t\t<\/div>\n\t\t\t\t<\/div>\n\t\t\t\t\t<\/div>\n\t\t\t\t<\/div>\n\t\t<div class=\"elementor-element elementor-element-c5303fd e-flex e-con-boxed e-con e-parent\" data-id=\"c5303fd\" data-element_type=\"container\" data-e-type=\"container\">\n\t\t\t\t\t<div class=\"e-con-inner\">\n\t\t<div class=\"elementor-element elementor-element-d6fe996 e-con-full e-flex e-con e-child\" data-id=\"d6fe996\" data-element_type=\"container\" data-e-type=\"container\">\n\t\t\t\t<div class=\"elementor-element elementor-element-016bf83 elementor-widget elementor-widget-shortcode\" data-id=\"016bf83\" data-element_type=\"widget\" data-e-type=\"widget\" data-widget_type=\"shortcode.default\">\n\t\t\t\t<div class=\"elementor-widget-container\">\n\t\t\t\t\t\t\t<div class=\"elementor-shortcode\"><div class=\"gmw-shortcode-widget\"><div class=\"widget google-maps-widget\"><h2 class=\"widgettitle\">Hippy Hemp<\/h2><p><a data-widget-id=\"googlemapswidget-9\" class=\"gmw-thumbnail-map gmw-lightbox-enabled\" href=\"#gmw-dialog-googlemapswidget-9\" title=\"Click to open a larger map\"><img decoding=\"async\" width=\"300\" height=\"300\" alt=\"Click to open a larger map\" title=\"Click to open a larger map\" src=\"\/\/maps.googleapis.com\/maps\/api\/staticmap?key=AIzaSyB7EALhP9oscDZgw8LHxafsE1efjlyr4C0&amp;scale=1&amp;format=png&amp;size=300x300&amp;maptype=roadmap&amp;markers=size%3Adefault%7Ccolor%3A0xff0000%7Clabel%3Ax%7C74+Esplanade%2C+Sydney%2C+NS+B1P+1A1&amp;center=74+Esplanade%2C+Sydney%2C+NS+B1P+1A1&amp;zoom=13&amp;visual_refresh=true\"><\/a><\/p><\/div><\/div><\/div>\n\t\t\t\t\t\t<\/div>\n\t\t\t\t<\/div>\n\t\t\t\t<\/div>\n\t\t<div class=\"elementor-element elementor-element-7150608 e-con-full e-flex e-con e-child\" data-id=\"7150608\" data-element_type=\"container\" data-e-type=\"container\">\n\t\t\t\t<div class=\"elementor-element elementor-element-5120d14 elementor-widget elementor-widget-text-editor\" data-id=\"5120d14\" data-element_type=\"widget\" data-e-type=\"widget\" data-widget_type=\"text-editor.default\">\n\t\t\t\t<div class=\"elementor-widget-container\">\n\t\t\t\t\t\t\t\t\t<h3>Hippy Hemp<\/h3><p><span class=\"LrzXr\">74 Esplanade<\/span><br><span class=\"LrzXr\">Sydney<\/span> (Nova Scotia) <span class=\"LrzXr\">B1P 1A1<\/span><\/p><p>T\u00e9l. : <a href=\"tel:9025490871\"><span class=\"LrzXr zdqRlf kno-fv\"><span aria-label=\"Composer le num\u00e9ro (902) 549-0871\">902 549-0871<\/span><\/span><\/a><\/p><p>Facebook : <a href=\"https:\/\/www.facebook.com\/Hippy.Health\/\">https:\/\/www.facebook.com\/Hippy.Health\/<\/a><\/p>\t\t\t\t\t\t\t\t<\/div>\n\t\t\t\t<\/div>\n\t\t\t\t<\/div>\n\t\t\t\t\t<\/div>\n\t\t\t\t<\/div>\n\t\t<div class=\"elementor-element elementor-element-614cefc e-flex e-con-boxed e-con e-parent\" data-id=\"614cefc\" data-element_type=\"container\" data-e-type=\"container\">\n\t\t\t\t\t<div class=\"e-con-inner\">\n\t\t<div class=\"elementor-element elementor-element-99e9436 e-con-full e-flex e-con e-child\" data-id=\"99e9436\" data-element_type=\"container\" data-e-type=\"container\">\n\t\t\t\t<div class=\"elementor-element elementor-element-93384ad elementor-widget elementor-widget-shortcode\" data-id=\"93384ad\" data-element_type=\"widget\" data-e-type=\"widget\" data-widget_type=\"shortcode.default\">\n\t\t\t\t<div class=\"elementor-widget-container\">\n\t\t\t\t\t\t\t<div class=\"elementor-shortcode\"><div class=\"gmw-shortcode-widget\"><div class=\"widget google-maps-widget\"><h2 class=\"widgettitle\">Psychonaut<\/h2><p><a data-widget-id=\"googlemapswidget-5\" class=\"gmw-thumbnail-map gmw-lightbox-enabled\" href=\"#gmw-dialog-googlemapswidget-5\" title=\"Click to open a larger map\"><img decoding=\"async\" width=\"300\" height=\"300\" alt=\"Click to open a larger map\" title=\"Click to open a larger map\" src=\"\/\/maps.googleapis.com\/maps\/api\/staticmap?key=AIzaSyB7EALhP9oscDZgw8LHxafsE1efjlyr4C0&amp;scale=1&amp;format=png&amp;size=300x300&amp;maptype=roadmap&amp;markers=size%3Adefault%7Ccolor%3A0xff0000%7Clabel%3Ax%7C3624+St+Laurent+Blvd+A%2C+Montreal%2C+Quebec+H2X+2V4&amp;center=3624+St+Laurent+Blvd+A%2C+Montreal%2C+Quebec+H2X+2V4&amp;zoom=13&amp;visual_refresh=true\"><\/a><\/p><\/div><\/div><\/div>\n\t\t\t\t\t\t<\/div>\n\t\t\t\t<\/div>\n\t\t\t\t<\/div>\n\t\t<div class=\"elementor-element elementor-element-abfec72 e-con-full e-flex e-con e-child\" data-id=\"abfec72\" data-element_type=\"container\" data-e-type=\"container\">\n\t\t\t\t<div class=\"elementor-element elementor-element-fcc2560 elementor-widget elementor-widget-text-editor\" data-id=\"fcc2560\" data-element_type=\"widget\" data-e-type=\"widget\" data-widget_type=\"text-editor.default\">\n\t\t\t\t<div class=\"elementor-widget-container\">\n\t\t\t\t\t\t\t\t\t<h3>Psychonaut<\/h3>\n<p>3624 boul. St Laurent<br>Montr\u00e9al (Qu\u00e9bec) H2X 2V4<\/p>\n\n<p>T\u00e9l. : <a href=\"tel:5148448998\">514 844-89985<\/a><\/p>\n\n<p>Web : <a href=\"https:\/\/psychonautfashion.com\/\">https:\/\/psychonautfashion.com\/<\/a><\/p>\t\t\t\t\t\t\t\t<\/div>\n\t\t\t\t<\/div>\n\t\t\t\t<\/div>\n\t\t\t\t\t<\/div>\n\t\t\t\t<\/div>\n\t\t<div class=\"elementor-element elementor-element-d68b557 e-flex e-con-boxed e-con e-parent\" data-id=\"d68b557\" data-element_type=\"container\" data-e-type=\"container\">\n\t\t\t\t\t<div class=\"e-con-inner\">\n\t\t<div class=\"elementor-element elementor-element-3c1e9c8 e-con-full e-flex e-con e-child\" data-id=\"3c1e9c8\" data-element_type=\"container\" data-e-type=\"container\">\n\t\t\t\t<div class=\"elementor-element elementor-element-7325733 elementor-widget elementor-widget-shortcode\" data-id=\"7325733\" data-element_type=\"widget\" data-e-type=\"widget\" data-widget_type=\"shortcode.default\">\n\t\t\t\t<div class=\"elementor-widget-container\">\n\t\t\t\t\t\t\t<div class=\"elementor-shortcode\"><div class=\"gmw-shortcode-widget\"><div class=\"widget google-maps-widget\"><h2 class=\"widgettitle\">Abaka<\/h2><p><a data-widget-id=\"googlemapswidget-4\" class=\"gmw-thumbnail-map gmw-lightbox-enabled\" href=\"#gmw-dialog-googlemapswidget-4\" title=\"Click to open a larger map\"><img loading=\"lazy\" decoding=\"async\" width=\"300\" height=\"300\" alt=\"Click to open a larger map\" title=\"Click to open a larger map\" src=\"\/\/maps.googleapis.com\/maps\/api\/staticmap?key=AIzaSyB7EALhP9oscDZgw8LHxafsE1efjlyr4C0&amp;scale=1&amp;format=png&amp;size=300x300&amp;maptype=roadmap&amp;markers=size%3Adefault%7Ccolor%3A0xff0000%7Clabel%3Ax%7C413%2C+Avenue+Mercier+Shawinigan+%28Qu%C3%A9bec%29+G9N+1S1&amp;center=413%2C+Avenue+Mercier+Shawinigan+%28Qu%C3%A9bec%29+G9N+1S1&amp;zoom=13&amp;visual_refresh=true\"><\/a><\/p><\/div><\/div><\/div>\n\t\t\t\t\t\t<\/div>\n\t\t\t\t<\/div>\n\t\t\t\t<\/div>\n\t\t<div class=\"elementor-element elementor-element-af32cfc e-con-full e-flex e-con e-child\" data-id=\"af32cfc\" data-element_type=\"container\" data-e-type=\"container\">\n\t\t\t\t<div class=\"elementor-element elementor-element-1f6b778 elementor-widget elementor-widget-text-editor\" data-id=\"1f6b778\" data-element_type=\"widget\" data-e-type=\"widget\" data-widget_type=\"text-editor.default\">\n\t\t\t\t<div class=\"elementor-widget-container\">\n\t\t\t\t\t\t\t\t\t<h3>Abaka<\/h3>\n<p>413 Av. Mercier<br>Shawinigan (Qu\u00e9bec) G9N 1S1<\/p>\n\n<p>T\u00e9l. : <a href=\"tel:8195367936\">819 536-7936<\/a><\/p>\n\n<p>Web : <a href=\"https:\/\/www.abaka.ca\/\">https:\/\/www.abaka.ca\/<\/a><\/p>\t\t\t\t\t\t\t\t<\/div>\n\t\t\t\t<\/div>\n\t\t\t\t<\/div>\n\t\t\t\t\t<\/div>\n\t\t\t\t<\/div>\n\t\t<div class=\"elementor-element elementor-element-a4536e1 e-flex e-con-boxed e-con e-parent\" data-id=\"a4536e1\" data-element_type=\"container\" data-e-type=\"container\">\n\t\t\t\t\t<div class=\"e-con-inner\">\n\t\t<div class=\"elementor-element elementor-element-86fa77c e-con-full e-flex e-con e-child\" data-id=\"86fa77c\" data-element_type=\"container\" data-e-type=\"container\">\n\t\t\t\t<div class=\"elementor-element elementor-element-caebd1d elementor-widget elementor-widget-shortcode\" data-id=\"caebd1d\" data-element_type=\"widget\" data-e-type=\"widget\" data-widget_type=\"shortcode.default\">\n\t\t\t\t<div class=\"elementor-widget-container\">\n\t\t\t\t\t\t\t<div class=\"elementor-shortcode\"><div class=\"gmw-shortcode-widget\"><div class=\"widget google-maps-widget\"><h2 class=\"widgettitle\">Still Eagle<\/h2><p><a data-widget-id=\"googlemapswidget-3\" class=\"gmw-thumbnail-map gmw-lightbox-enabled\" href=\"#gmw-dialog-googlemapswidget-3\" title=\"Click to open a larger map\"><img loading=\"lazy\" decoding=\"async\" width=\"300\" height=\"300\" alt=\"Click to open a larger map\" title=\"Click to open a larger map\" src=\"\/\/maps.googleapis.com\/maps\/api\/staticmap?key=AIzaSyB7EALhP9oscDZgw8LHxafsE1efjlyr4C0&amp;scale=1&amp;format=png&amp;size=300x300&amp;maptype=roadmap&amp;markers=size%3Adefault%7Ccolor%3A0xff0000%7Clabel%3Ax%7C421+Baker+St%2C+Nelson%2C+BC+V1L+4H8&amp;center=421+Baker+St%2C+Nelson%2C+BC+V1L+4H8&amp;zoom=13&amp;visual_refresh=true\"><\/a><\/p><\/div><\/div><\/div>\n\t\t\t\t\t\t<\/div>\n\t\t\t\t<\/div>\n\t\t\t\t<\/div>\n\t\t<div class=\"elementor-element elementor-element-846a119 e-con-full e-flex e-con e-child\" data-id=\"846a119\" data-element_type=\"container\" data-e-type=\"container\">\n\t\t\t\t<div class=\"elementor-element elementor-element-944ea5b elementor-widget elementor-widget-text-editor\" data-id=\"944ea5b\" data-element_type=\"widget\" data-e-type=\"widget\" data-widget_type=\"text-editor.default\">\n\t\t\t\t<div class=\"elementor-widget-container\">\n\t\t\t\t\t\t\t\t\t<h3>Still Eagle<\/h3>\n<p>421 Baker St<br>Nelson (British-Columbia) V1L 4H8<\/p>\n\n<p>T\u00e9l. : <a href=\"tel:2503523844\">250 352-3844<\/a><\/p>\n\n<p>Web : <a href=\"https:\/\/stilleagle.com\/\">https:\/\/stilleagle.com\/<\/a><\/p>\t\t\t\t\t\t\t\t<\/div>\n\t\t\t\t<\/div>\n\t\t\t\t<\/div>\n\t\t\t\t\t<\/div>\n\t\t\t\t<\/div>\n\t\t<div class=\"elementor-element elementor-element-9427bb8 e-flex e-con-boxed e-con e-parent\" data-id=\"9427bb8\" data-element_type=\"container\" data-e-type=\"container\">\n\t\t\t\t\t<div class=\"e-con-inner\">\n\t\t\t\t<div class=\"elementor-element elementor-element-49a48d2 elementor-widget elementor-widget-spacer\" data-id=\"49a48d2\" data-element_type=\"widget\" data-e-type=\"widget\" data-widget_type=\"spacer.default\">\n\t\t\t\t<div class=\"elementor-widget-container\">\n\t\t\t\t\t\t\t<div class=\"elementor-spacer\">\n\t\t\t<div class=\"elementor-spacer-inner\"><\/div>\n\t\t<\/div>\n\t\t\t\t\t\t<\/div>\n\t\t\t\t<\/div>\n\t\t\t\t\t<\/div>\n\t\t\t\t<\/div>\n\t\t\t\t<\/div>\n\t\t","protected":false},"excerpt":{"rendered":"<p>Chanvre du Nord 36 Rue de Martigny EstSaint-J\u00e9r\u00f4me (Qu\u00e9bec) J7Z 1V4 T\u00e9l. : 450 565-5305 Web : https:\/\/www.chanvredunord.com\/ Hippy Hemp 74 EsplanadeSydney (Nova Scotia) B1P 1A1 T\u00e9l. : 902 549-0871 Facebook : https:\/\/www.facebook.com\/Hippy.Health\/ Psychonaut 3624 boul. St LaurentMontr\u00e9al (Qu\u00e9bec) H2X 2V4 T\u00e9l. : 514 844-89985 Web : https:\/\/psychonautfashion.com\/ Abaka 413 Av. MercierShawinigan (Qu\u00e9bec) G9N 1S1 [&hellip;]<\/p>\n","protected":false},"author":1,"featured_media":0,"parent":0,"menu_order":0,"comment_status":"closed","ping_status":"closed","template":"","meta":{"footnotes":""},"class_list":["post-6486","page","type-page","status-publish","hentry"],"yoast_head":"<!-- This site is optimized with the Yoast SEO plugin v27.4 - https:\/\/yoast.com\/product\/yoast-seo-wordpress\/ -->\n<title>Where to buy - Caneve<\/title>\n<meta name=\"description\" content=\"Where to buy Caneve products through our resellers. Some hold the books, others the 0.3 brand products.\" \/>\n<meta name=\"robots\" content=\"index, follow, max-snippet:-1, max-image-preview:large, max-video-preview:-1\" \/>\n<link rel=\"canonical\" href=\"https:\/\/caneve.ca\/en\/where-to-buy\/\" \/>\n<meta property=\"og:locale\" content=\"en_US\" \/>\n<meta property=\"og:type\" content=\"article\" \/>\n<meta property=\"og:title\" content=\"Where to buy - Caneve\" \/>\n<meta property=\"og:description\" content=\"Where to buy Caneve products through our resellers. Some hold the books, others the 0.3 brand products.\" \/>\n<meta property=\"og:url\" content=\"https:\/\/caneve.ca\/en\/where-to-buy\/\" \/>\n<meta property=\"og:site_name\" content=\"Caneve\" \/>\n<meta property=\"article:publisher\" content=\"https:\/\/www.facebook.com\/caneve10\" \/>\n<meta property=\"article:modified_time\" content=\"2026-01-02T18:37:38+00:00\" \/>\n<meta name=\"twitter:card\" content=\"summary_large_image\" \/>\n<meta name=\"twitter:label1\" content=\"Est. reading time\" \/>\n\t<meta name=\"twitter:data1\" content=\"1 minute\" \/>\n<script type=\"application\/ld+json\" class=\"yoast-schema-graph\">{\"@context\":\"https:\\\/\\\/schema.org\",\"@graph\":[{\"@type\":\"WebPage\",\"@id\":\"https:\\\/\\\/caneve.ca\\\/en\\\/where-to-buy\\\/\",\"url\":\"https:\\\/\\\/caneve.ca\\\/en\\\/where-to-buy\\\/\",\"name\":\"Where to buy - Caneve\",\"isPartOf\":{\"@id\":\"https:\\\/\\\/caneve.ca\\\/en\\\/#website\"},\"datePublished\":\"2024-05-07T02:38:14+00:00\",\"dateModified\":\"2026-01-02T18:37:38+00:00\",\"description\":\"Where to buy Caneve products through our resellers. Some hold the books, others the 0.3 brand products.\",\"breadcrumb\":{\"@id\":\"https:\\\/\\\/caneve.ca\\\/en\\\/where-to-buy\\\/#breadcrumb\"},\"inLanguage\":\"en-US\",\"potentialAction\":[{\"@type\":\"ReadAction\",\"target\":[\"https:\\\/\\\/caneve.ca\\\/en\\\/where-to-buy\\\/\"]}]},{\"@type\":\"BreadcrumbList\",\"@id\":\"https:\\\/\\\/caneve.ca\\\/en\\\/where-to-buy\\\/#breadcrumb\",\"itemListElement\":[{\"@type\":\"ListItem\",\"position\":1,\"name\":\"Caneve\",\"item\":\"https:\\\/\\\/caneve.ca\\\/en\\\/home\\\/\"},{\"@type\":\"ListItem\",\"position\":2,\"name\":\"Where to buy\"}]},{\"@type\":\"WebSite\",\"@id\":\"https:\\\/\\\/caneve.ca\\\/en\\\/#website\",\"url\":\"https:\\\/\\\/caneve.ca\\\/en\\\/\",\"name\":\"Caneve\",\"description\":\"CONNA\u00ceTRE LE CHANVRE\",\"publisher\":{\"@id\":\"https:\\\/\\\/caneve.ca\\\/en\\\/#organization\"},\"potentialAction\":[{\"@type\":\"SearchAction\",\"target\":{\"@type\":\"EntryPoint\",\"urlTemplate\":\"https:\\\/\\\/caneve.ca\\\/en\\\/?s={search_term_string}\"},\"query-input\":{\"@type\":\"PropertyValueSpecification\",\"valueRequired\":true,\"valueName\":\"search_term_string\"}}],\"inLanguage\":\"en-US\"},{\"@type\":\"Organization\",\"@id\":\"https:\\\/\\\/caneve.ca\\\/en\\\/#organization\",\"name\":\"Caneve\",\"url\":\"https:\\\/\\\/caneve.ca\\\/en\\\/\",\"logo\":{\"@type\":\"ImageObject\",\"inLanguage\":\"en-US\",\"@id\":\"https:\\\/\\\/caneve.ca\\\/en\\\/#\\\/schema\\\/logo\\\/image\\\/\",\"url\":\"https:\\\/\\\/caneve.ca\\\/wp-content\\\/uploads\\\/2024\\\/03\\\/Caneve_logoNewSite.png\",\"contentUrl\":\"https:\\\/\\\/caneve.ca\\\/wp-content\\\/uploads\\\/2024\\\/03\\\/Caneve_logoNewSite.png\",\"width\":560,\"height\":245,\"caption\":\"Caneve\"},\"image\":{\"@id\":\"https:\\\/\\\/caneve.ca\\\/en\\\/#\\\/schema\\\/logo\\\/image\\\/\"},\"sameAs\":[\"https:\\\/\\\/www.facebook.com\\\/caneve10\",\"https:\\\/\\\/www.linkedin.com\\\/company\\\/caneve\\\/\",\"https:\\\/\\\/www.instagram.com\\\/caneve_chanvre\\\/\",\"https:\\\/\\\/www.youtube.com\\\/@caneve_chanvre874\",\"https:\\\/\\\/vimeo.com\\\/caneve10\"]}]}<\/script>\n<!-- \/ Yoast SEO plugin. -->","yoast_head_json":{"title":"Where to buy - Caneve","description":"Where to buy Caneve products through our resellers. Some hold the books, others the 0.3 brand products.","robots":{"index":"index","follow":"follow","max-snippet":"max-snippet:-1","max-image-preview":"max-image-preview:large","max-video-preview":"max-video-preview:-1"},"canonical":"https:\/\/caneve.ca\/en\/where-to-buy\/","og_locale":"en_US","og_type":"article","og_title":"Where to buy - Caneve","og_description":"Where to buy Caneve products through our resellers. Some hold the books, others the 0.3 brand products.","og_url":"https:\/\/caneve.ca\/en\/where-to-buy\/","og_site_name":"Caneve","article_publisher":"https:\/\/www.facebook.com\/caneve10","article_modified_time":"2026-01-02T18:37:38+00:00","twitter_card":"summary_large_image","twitter_misc":{"Est. reading time":"1 minute"},"schema":{"@context":"https:\/\/schema.org","@graph":[{"@type":"WebPage","@id":"https:\/\/caneve.ca\/en\/where-to-buy\/","url":"https:\/\/caneve.ca\/en\/where-to-buy\/","name":"Where to buy - Caneve","isPartOf":{"@id":"https:\/\/caneve.ca\/en\/#website"},"datePublished":"2024-05-07T02:38:14+00:00","dateModified":"2026-01-02T18:37:38+00:00","description":"Where to buy Caneve products through our resellers. Some hold the books, others the 0.3 brand products.","breadcrumb":{"@id":"https:\/\/caneve.ca\/en\/where-to-buy\/#breadcrumb"},"inLanguage":"en-US","potentialAction":[{"@type":"ReadAction","target":["https:\/\/caneve.ca\/en\/where-to-buy\/"]}]},{"@type":"BreadcrumbList","@id":"https:\/\/caneve.ca\/en\/where-to-buy\/#breadcrumb","itemListElement":[{"@type":"ListItem","position":1,"name":"Caneve","item":"https:\/\/caneve.ca\/en\/home\/"},{"@type":"ListItem","position":2,"name":"Where to buy"}]},{"@type":"WebSite","@id":"https:\/\/caneve.ca\/en\/#website","url":"https:\/\/caneve.ca\/en\/","name":"Caneve","description":"CONNA\u00ceTRE LE CHANVRE","publisher":{"@id":"https:\/\/caneve.ca\/en\/#organization"},"potentialAction":[{"@type":"SearchAction","target":{"@type":"EntryPoint","urlTemplate":"https:\/\/caneve.ca\/en\/?s={search_term_string}"},"query-input":{"@type":"PropertyValueSpecification","valueRequired":true,"valueName":"search_term_string"}}],"inLanguage":"en-US"},{"@type":"Organization","@id":"https:\/\/caneve.ca\/en\/#organization","name":"Caneve","url":"https:\/\/caneve.ca\/en\/","logo":{"@type":"ImageObject","inLanguage":"en-US","@id":"https:\/\/caneve.ca\/en\/#\/schema\/logo\/image\/","url":"https:\/\/caneve.ca\/wp-content\/uploads\/2024\/03\/Caneve_logoNewSite.png","contentUrl":"https:\/\/caneve.ca\/wp-content\/uploads\/2024\/03\/Caneve_logoNewSite.png","width":560,"height":245,"caption":"Caneve"},"image":{"@id":"https:\/\/caneve.ca\/en\/#\/schema\/logo\/image\/"},"sameAs":["https:\/\/www.facebook.com\/caneve10","https:\/\/www.linkedin.com\/company\/caneve\/","https:\/\/www.instagram.com\/caneve_chanvre\/","https:\/\/www.youtube.com\/@caneve_chanvre874","https:\/\/vimeo.com\/caneve10"]}]}},"_links":{"self":[{"href":"https:\/\/caneve.ca\/en\/wp-json\/wp\/v2\/pages\/6486","targetHints":{"allow":["GET"]}}],"collection":[{"href":"https:\/\/caneve.ca\/en\/wp-json\/wp\/v2\/pages"}],"about":[{"href":"https:\/\/caneve.ca\/en\/wp-json\/wp\/v2\/types\/page"}],"author":[{"embeddable":true,"href":"https:\/\/caneve.ca\/en\/wp-json\/wp\/v2\/users\/1"}],"replies":[{"embeddable":true,"href":"https:\/\/caneve.ca\/en\/wp-json\/wp\/v2\/comments?post=6486"}],"version-history":[{"count":8,"href":"https:\/\/caneve.ca\/en\/wp-json\/wp\/v2\/pages\/6486\/revisions"}],"predecessor-version":[{"id":7367,"href":"https:\/\/caneve.ca\/en\/wp-json\/wp\/v2\/pages\/6486\/revisions\/7367"}],"wp:attachment":[{"href":"https:\/\/caneve.ca\/en\/wp-json\/wp\/v2\/media?parent=6486"}],"curies":[{"name":"wp","href":"https:\/\/api.w.org\/{rel}","templated":true}]}}