
{"id":5703,"date":"2020-10-14T13:59:54","date_gmt":"2020-10-14T17:59:54","guid":{"rendered":"https:\/\/caneve.ca\/produit\/feuille-de-lune-hemp-soap-legere-volupte\/"},"modified":"2020-10-14T13:59:54","modified_gmt":"2020-10-14T17:59:54","slug":"feuille-de-lune-hemp-soap-legere-volupte","status":"publish","type":"product","link":"https:\/\/caneve.ca\/en\/produit\/feuille-de-lune-hemp-soap-legere-volupte\/","title":{"rendered":"Feuille de lune: hemp soap L\u00e9g\u00e8re volupt\u00e9"},"content":{"rendered":"<p>A range of organic, biodegradable soaps made with local beeswax, Quebec hemp, sunflower and canola oils, coconut oil and local spring water. The distinction between each soap lies in the addition of essential oils and other exfoliating or moisturizing botanicals. Our soaps have a minimum 7-week curing period, to give you a soap that will last a respectable length of time.<\/p>\n","protected":false},"excerpt":{"rendered":"<p>Pleasantly scented with cinnamon, spruce and mandarin essential oils, and enriched with cinnamon and ginger powders, this soap exfoliates the skin and stimulates blood circulation.<\/p>\n","protected":false},"featured_media":5204,"comment_status":"open","ping_status":"closed","template":"","meta":[],"product_brand":[],"product_cat":[57],"product_tag":[],"class_list":{"0":"post-5703","1":"product","2":"type-product","3":"status-publish","4":"has-post-thumbnail","6":"product_cat-health-beauty-en","8":"first","9":"instock","10":"taxable","11":"shipping-taxable","12":"purchasable","13":"product-type-simple"},"yoast_head":"<!-- This site is optimized with the Yoast SEO plugin v27.4 - https:\/\/yoast.com\/product\/yoast-seo-wordpress\/ -->\n<title>Feuille de lune: hemp soap L\u00e9g\u00e8re volupt\u00e9 - Caneve<\/title>\n<meta name=\"description\" content=\"Organic, biodegradable soaps made with beeswax and Quebec hemp, sunflower and canola oils.\" \/>\n<meta name=\"robots\" content=\"index, follow, max-snippet:-1, max-image-preview:large, max-video-preview:-1\" \/>\n<link rel=\"canonical\" href=\"https:\/\/caneve.ca\/en\/produit\/feuille-de-lune-hemp-soap-legere-volupte\/\" \/>\n<meta property=\"og:locale\" content=\"en_US\" \/>\n<meta property=\"og:type\" content=\"article\" \/>\n<meta property=\"og:title\" content=\"Feuille de lune: hemp soap L\u00e9g\u00e8re volupt\u00e9 - Caneve\" \/>\n<meta property=\"og:description\" content=\"Organic, biodegradable soaps made with beeswax and Quebec hemp, sunflower and canola oils.\" \/>\n<meta property=\"og:url\" content=\"https:\/\/caneve.ca\/en\/produit\/feuille-de-lune-hemp-soap-legere-volupte\/\" \/>\n<meta property=\"og:site_name\" content=\"Caneve\" \/>\n<meta property=\"article:publisher\" content=\"https:\/\/www.facebook.com\/caneve10\" \/>\n<meta property=\"og:image\" content=\"https:\/\/caneve.ca\/wp-content\/uploads\/2024\/03\/FDL_volupte.jpg\" \/>\n\t<meta property=\"og:image:width\" content=\"1500\" \/>\n\t<meta property=\"og:image:height\" content=\"1500\" \/>\n\t<meta property=\"og:image:type\" content=\"image\/jpeg\" \/>\n<meta name=\"twitter:card\" content=\"summary_large_image\" \/>\n<script type=\"application\/ld+json\" class=\"yoast-schema-graph\">{\"@context\":\"https:\\\/\\\/schema.org\",\"@graph\":[{\"@type\":\"WebPage\",\"@id\":\"https:\\\/\\\/caneve.ca\\\/en\\\/produit\\\/feuille-de-lune-hemp-soap-legere-volupte\\\/\",\"url\":\"https:\\\/\\\/caneve.ca\\\/en\\\/produit\\\/feuille-de-lune-hemp-soap-legere-volupte\\\/\",\"name\":\"Feuille de lune: hemp soap L\u00e9g\u00e8re volupt\u00e9 - Caneve\",\"isPartOf\":{\"@id\":\"https:\\\/\\\/caneve.ca\\\/en\\\/#website\"},\"primaryImageOfPage\":{\"@id\":\"https:\\\/\\\/caneve.ca\\\/en\\\/produit\\\/feuille-de-lune-hemp-soap-legere-volupte\\\/#primaryimage\"},\"image\":{\"@id\":\"https:\\\/\\\/caneve.ca\\\/en\\\/produit\\\/feuille-de-lune-hemp-soap-legere-volupte\\\/#primaryimage\"},\"thumbnailUrl\":\"https:\\\/\\\/caneve.ca\\\/wp-content\\\/uploads\\\/2024\\\/03\\\/FDL_volupte.jpg\",\"datePublished\":\"2020-10-14T17:59:54+00:00\",\"description\":\"Organic, biodegradable soaps made with beeswax and Quebec hemp, sunflower and canola oils.\",\"breadcrumb\":{\"@id\":\"https:\\\/\\\/caneve.ca\\\/en\\\/produit\\\/feuille-de-lune-hemp-soap-legere-volupte\\\/#breadcrumb\"},\"inLanguage\":\"en-US\",\"potentialAction\":[{\"@type\":\"ReadAction\",\"target\":[\"https:\\\/\\\/caneve.ca\\\/en\\\/produit\\\/feuille-de-lune-hemp-soap-legere-volupte\\\/\"]}]},{\"@type\":\"ImageObject\",\"inLanguage\":\"en-US\",\"@id\":\"https:\\\/\\\/caneve.ca\\\/en\\\/produit\\\/feuille-de-lune-hemp-soap-legere-volupte\\\/#primaryimage\",\"url\":\"https:\\\/\\\/caneve.ca\\\/wp-content\\\/uploads\\\/2024\\\/03\\\/FDL_volupte.jpg\",\"contentUrl\":\"https:\\\/\\\/caneve.ca\\\/wp-content\\\/uploads\\\/2024\\\/03\\\/FDL_volupte.jpg\",\"width\":1500,\"height\":1500,\"caption\":\"Feuille de lune hemp oil soap: l\u00e9g\u00e8re volupt\u00e9\"},{\"@type\":\"BreadcrumbList\",\"@id\":\"https:\\\/\\\/caneve.ca\\\/en\\\/produit\\\/feuille-de-lune-hemp-soap-legere-volupte\\\/#breadcrumb\",\"itemListElement\":[{\"@type\":\"ListItem\",\"position\":1,\"name\":\"Caneve\",\"item\":\"https:\\\/\\\/caneve.ca\\\/en\\\/home\\\/\"},{\"@type\":\"ListItem\",\"position\":2,\"name\":\"Products\",\"item\":\"https:\\\/\\\/caneve.ca\\\/en\\\/shop\\\/\"},{\"@type\":\"ListItem\",\"position\":3,\"name\":\"Feuille de lune: hemp soap L\u00e9g\u00e8re volupt\u00e9\"}]},{\"@type\":\"WebSite\",\"@id\":\"https:\\\/\\\/caneve.ca\\\/en\\\/#website\",\"url\":\"https:\\\/\\\/caneve.ca\\\/en\\\/\",\"name\":\"Caneve\",\"description\":\"CONNA\u00ceTRE LE CHANVRE\",\"publisher\":{\"@id\":\"https:\\\/\\\/caneve.ca\\\/en\\\/#organization\"},\"potentialAction\":[{\"@type\":\"SearchAction\",\"target\":{\"@type\":\"EntryPoint\",\"urlTemplate\":\"https:\\\/\\\/caneve.ca\\\/en\\\/?s={search_term_string}\"},\"query-input\":{\"@type\":\"PropertyValueSpecification\",\"valueRequired\":true,\"valueName\":\"search_term_string\"}}],\"inLanguage\":\"en-US\"},{\"@type\":\"Organization\",\"@id\":\"https:\\\/\\\/caneve.ca\\\/en\\\/#organization\",\"name\":\"Caneve\",\"url\":\"https:\\\/\\\/caneve.ca\\\/en\\\/\",\"logo\":{\"@type\":\"ImageObject\",\"inLanguage\":\"en-US\",\"@id\":\"https:\\\/\\\/caneve.ca\\\/en\\\/#\\\/schema\\\/logo\\\/image\\\/\",\"url\":\"https:\\\/\\\/caneve.ca\\\/wp-content\\\/uploads\\\/2024\\\/03\\\/Caneve_logoNewSite.png\",\"contentUrl\":\"https:\\\/\\\/caneve.ca\\\/wp-content\\\/uploads\\\/2024\\\/03\\\/Caneve_logoNewSite.png\",\"width\":560,\"height\":245,\"caption\":\"Caneve\"},\"image\":{\"@id\":\"https:\\\/\\\/caneve.ca\\\/en\\\/#\\\/schema\\\/logo\\\/image\\\/\"},\"sameAs\":[\"https:\\\/\\\/www.facebook.com\\\/caneve10\",\"https:\\\/\\\/www.linkedin.com\\\/company\\\/caneve\\\/\",\"https:\\\/\\\/www.instagram.com\\\/caneve_chanvre\\\/\",\"https:\\\/\\\/www.youtube.com\\\/@caneve_chanvre874\",\"https:\\\/\\\/vimeo.com\\\/caneve10\"]}]}<\/script>\n<!-- \/ Yoast SEO plugin. -->","yoast_head_json":{"title":"Feuille de lune: hemp soap L\u00e9g\u00e8re volupt\u00e9 - Caneve","description":"Organic, biodegradable soaps made with beeswax and Quebec hemp, sunflower and canola oils.","robots":{"index":"index","follow":"follow","max-snippet":"max-snippet:-1","max-image-preview":"max-image-preview:large","max-video-preview":"max-video-preview:-1"},"canonical":"https:\/\/caneve.ca\/en\/produit\/feuille-de-lune-hemp-soap-legere-volupte\/","og_locale":"en_US","og_type":"article","og_title":"Feuille de lune: hemp soap L\u00e9g\u00e8re volupt\u00e9 - Caneve","og_description":"Organic, biodegradable soaps made with beeswax and Quebec hemp, sunflower and canola oils.","og_url":"https:\/\/caneve.ca\/en\/produit\/feuille-de-lune-hemp-soap-legere-volupte\/","og_site_name":"Caneve","article_publisher":"https:\/\/www.facebook.com\/caneve10","og_image":[{"width":1500,"height":1500,"url":"https:\/\/caneve.ca\/wp-content\/uploads\/2024\/03\/FDL_volupte.jpg","type":"image\/jpeg"}],"twitter_card":"summary_large_image","schema":{"@context":"https:\/\/schema.org","@graph":[{"@type":"WebPage","@id":"https:\/\/caneve.ca\/en\/produit\/feuille-de-lune-hemp-soap-legere-volupte\/","url":"https:\/\/caneve.ca\/en\/produit\/feuille-de-lune-hemp-soap-legere-volupte\/","name":"Feuille de lune: hemp soap L\u00e9g\u00e8re volupt\u00e9 - Caneve","isPartOf":{"@id":"https:\/\/caneve.ca\/en\/#website"},"primaryImageOfPage":{"@id":"https:\/\/caneve.ca\/en\/produit\/feuille-de-lune-hemp-soap-legere-volupte\/#primaryimage"},"image":{"@id":"https:\/\/caneve.ca\/en\/produit\/feuille-de-lune-hemp-soap-legere-volupte\/#primaryimage"},"thumbnailUrl":"https:\/\/caneve.ca\/wp-content\/uploads\/2024\/03\/FDL_volupte.jpg","datePublished":"2020-10-14T17:59:54+00:00","description":"Organic, biodegradable soaps made with beeswax and Quebec hemp, sunflower and canola oils.","breadcrumb":{"@id":"https:\/\/caneve.ca\/en\/produit\/feuille-de-lune-hemp-soap-legere-volupte\/#breadcrumb"},"inLanguage":"en-US","potentialAction":[{"@type":"ReadAction","target":["https:\/\/caneve.ca\/en\/produit\/feuille-de-lune-hemp-soap-legere-volupte\/"]}]},{"@type":"ImageObject","inLanguage":"en-US","@id":"https:\/\/caneve.ca\/en\/produit\/feuille-de-lune-hemp-soap-legere-volupte\/#primaryimage","url":"https:\/\/caneve.ca\/wp-content\/uploads\/2024\/03\/FDL_volupte.jpg","contentUrl":"https:\/\/caneve.ca\/wp-content\/uploads\/2024\/03\/FDL_volupte.jpg","width":1500,"height":1500,"caption":"Feuille de lune hemp oil soap: l\u00e9g\u00e8re volupt\u00e9"},{"@type":"BreadcrumbList","@id":"https:\/\/caneve.ca\/en\/produit\/feuille-de-lune-hemp-soap-legere-volupte\/#breadcrumb","itemListElement":[{"@type":"ListItem","position":1,"name":"Caneve","item":"https:\/\/caneve.ca\/en\/home\/"},{"@type":"ListItem","position":2,"name":"Products","item":"https:\/\/caneve.ca\/en\/shop\/"},{"@type":"ListItem","position":3,"name":"Feuille de lune: hemp soap L\u00e9g\u00e8re volupt\u00e9"}]},{"@type":"WebSite","@id":"https:\/\/caneve.ca\/en\/#website","url":"https:\/\/caneve.ca\/en\/","name":"Caneve","description":"CONNA\u00ceTRE LE CHANVRE","publisher":{"@id":"https:\/\/caneve.ca\/en\/#organization"},"potentialAction":[{"@type":"SearchAction","target":{"@type":"EntryPoint","urlTemplate":"https:\/\/caneve.ca\/en\/?s={search_term_string}"},"query-input":{"@type":"PropertyValueSpecification","valueRequired":true,"valueName":"search_term_string"}}],"inLanguage":"en-US"},{"@type":"Organization","@id":"https:\/\/caneve.ca\/en\/#organization","name":"Caneve","url":"https:\/\/caneve.ca\/en\/","logo":{"@type":"ImageObject","inLanguage":"en-US","@id":"https:\/\/caneve.ca\/en\/#\/schema\/logo\/image\/","url":"https:\/\/caneve.ca\/wp-content\/uploads\/2024\/03\/Caneve_logoNewSite.png","contentUrl":"https:\/\/caneve.ca\/wp-content\/uploads\/2024\/03\/Caneve_logoNewSite.png","width":560,"height":245,"caption":"Caneve"},"image":{"@id":"https:\/\/caneve.ca\/en\/#\/schema\/logo\/image\/"},"sameAs":["https:\/\/www.facebook.com\/caneve10","https:\/\/www.linkedin.com\/company\/caneve\/","https:\/\/www.instagram.com\/caneve_chanvre\/","https:\/\/www.youtube.com\/@caneve_chanvre874","https:\/\/vimeo.com\/caneve10"]}]}},"_links":{"self":[{"href":"https:\/\/caneve.ca\/en\/wp-json\/wp\/v2\/product\/5703","targetHints":{"allow":["GET"]}}],"collection":[{"href":"https:\/\/caneve.ca\/en\/wp-json\/wp\/v2\/product"}],"about":[{"href":"https:\/\/caneve.ca\/en\/wp-json\/wp\/v2\/types\/product"}],"replies":[{"embeddable":true,"href":"https:\/\/caneve.ca\/en\/wp-json\/wp\/v2\/comments?post=5703"}],"wp:featuredmedia":[{"embeddable":true,"href":"https:\/\/caneve.ca\/en\/wp-json\/wp\/v2\/media\/5204"}],"wp:attachment":[{"href":"https:\/\/caneve.ca\/en\/wp-json\/wp\/v2\/media?parent=5703"}],"wp:term":[{"taxonomy":"product_brand","embeddable":true,"href":"https:\/\/caneve.ca\/en\/wp-json\/wp\/v2\/product_brand?post=5703"},{"taxonomy":"product_cat","embeddable":true,"href":"https:\/\/caneve.ca\/en\/wp-json\/wp\/v2\/product_cat?post=5703"},{"taxonomy":"product_tag","embeddable":true,"href":"https:\/\/caneve.ca\/en\/wp-json\/wp\/v2\/product_tag?post=5703"}],"curies":[{"name":"wp","href":"https:\/\/api.w.org\/{rel}","templated":true}]}}